{"id":12665,"date":"2025-10-16T21:10:18","date_gmt":"2025-10-16T19:10:18","guid":{"rendered":"https:\/\/anotherscratchinthewall.it\/urban-art-tour-workshop\/"},"modified":"2025-10-16T21:10:18","modified_gmt":"2025-10-16T19:10:18","slug":"urban-art-tour-workshop","status":"publish","type":"page","link":"https:\/\/anotherscratchinthewall.it\/en\/urban-art-tour-workshop\/","title":{"rendered":"Urban Art Tour &amp; Workshop"},"content":{"rendered":"<div class=\"et_pb_section_0 et_pb_section et_section_regular et_flex_section\">\n<div class=\"et_pb_row_0 et_pb_row et_flex_row\">\n<div class=\"et_pb_column_0 et_pb_column et-last-child et_flex_column et_pb_css_mix_blend_mode_passthrough et_flex_column_24_24 et_flex_column_24_24_tablet et_flex_column_24_24_phone\">\n<div class=\"et_pb_image_0 et_pb_image et_animated et_pb_module et_block_module\"><span class=\"et_pb_image_wrap\"><img loading=\"lazy\" decoding=\"async\" src=\"https:\/\/anotherscratchinthewall.it\/wp-content\/uploads\/2025\/10\/ASITW-Slider-6-Urban-Art-Workshop-e1761138139612.png\" width=\"1920\" height=\"720\" srcset=\"https:\/\/anotherscratchinthewall.it\/wp-content\/uploads\/2025\/10\/ASITW-Slider-6-Urban-Art-Workshop-e1761138139612.png 1920w, https:\/\/anotherscratchinthewall.it\/wp-content\/uploads\/2025\/10\/ASITW-Slider-6-Urban-Art-Workshop-e1761138139612-1280x720.png 1280w, https:\/\/anotherscratchinthewall.it\/wp-content\/uploads\/2025\/10\/ASITW-Slider-6-Urban-Art-Workshop-e1761138139612-980x551.png 980w, https:\/\/anotherscratchinthewall.it\/wp-content\/uploads\/2025\/10\/ASITW-Slider-6-Urban-Art-Workshop-e1761138139612-480x270.png 480w\" sizes=\"(min-width: 0px) and (max-width: 480px) 480px, (min-width: 481px) and (max-width: 980px) 980px, (min-width: 981px) and (max-width: 1280px) 1280px, (min-width: 1281px) 1920px, 100vw\" class=\"wp-image-288 wp-image-666\" \/><\/span><\/div>\n<\/div>\n<\/div>\n<\/div>\n\n<div class=\"et_pb_section_1 et_pb_section et_section_regular et_block_section\">\n<div class=\"et_pb_row_1 et_pb_row et_pb_gutters3 et_block_row preset--module--divi-row--32b17f9b-be00-497d-bd30-f1694e4746d7\">\n<div class=\"et_pb_column_1 et_pb_column et_pb_column_4_4 et-last-child et_grid_column et_pb_css_mix_blend_mode_passthrough\">\n<div class=\"et_pb_text_0 et_pb_text et_pb_bg_layout_light et_pb_module et_block_module preset--module--divi-text--9qo3z6nakr\"><div class=\"et_pb_text_inner\"><h2>urban art tour &amp; workshop<\/h2>\n<\/div><\/div>\n<\/div>\n<\/div>\n<\/div>\n\n<div class=\"et_pb_section_2 et_pb_section et_section_regular et_flex_section\">\n<div class=\"et_pb_row_2 et_pb_row et_flex_row\">\n<div class=\"et_pb_column_2 et_pb_column et_flex_column et_pb_css_mix_blend_mode_passthrough et_flex_column_24_24 et_flex_column_24_24_tablet et_flex_column_24_24_phone\">\n<div class=\"et_pb_text_1 et_pb_text et_pb_bg_layout_light et_pb_module et_block_module preset--module--divi-text--01620ec6-d2d0-4d43-9433-2736a2662462\"><div class=\"et_pb_text_inner\"><h3 style=\"margin: 0cm;\"><span lang=\"it\">Urban Art Tour a Milano e nel Nord Italia<b><o:p><\/o:p><\/b><\/span><\/h3>\n<\/div><\/div>\n\n<div class=\"et_pb_text_2 et_pb_text et_pb_bg_layout_light et_pb_module et_block_module preset--module--divi-text--default\"><div class=\"et_pb_text_inner\"><p>Conosci e approfondisci l&#8217;Arte Urbana con i nostri Urban Art Tour, che ti portano alla scoperta dei murales pi\u00f9 iconici di Milano e delle principali citt\u00e0 del Nord Italia. Another Scratch In The Wall organizza tour a piedi della durata di circa due ore, aperti a tutti e guidati da esperti del settore. I percorsi, che attraversano i quartieri pi\u00f9 vivaci e artistici, ti immergeranno nel mondo della creativit\u00e0 urbana contemporanea. Puoi partecipare alle date programmate o richiedere tour privati, perfetti per piccoli gruppi o famiglie. Ogni tour prevede un massimo di 25 partecipanti per guida, per garantire un\u2019esperienza coinvolgente e interattiva.<\/p>\n<\/div><\/div>\n<\/div>\n\n<div class=\"et_pb_column_3 et_pb_column et-last-child et_flex_column et_pb_css_mix_blend_mode_passthrough et_flex_column_24_24 et_flex_column_24_24_tablet et_flex_column_24_24_phone\">\n<div class=\"et_pb_image_1 et_pb_image et_pb_module et_flex_module\"><span class=\"et_pb_image_wrap\"><img loading=\"lazy\" decoding=\"async\" src=\"https:\/\/anotherscratchinthewall.it\/wp-content\/uploads\/2025\/10\/ASITW-urban_art_tour-big1-v2.png\" width=\"1150\" height=\"940\" srcset=\"https:\/\/anotherscratchinthewall.it\/wp-content\/uploads\/2025\/10\/ASITW-urban_art_tour-big1-v2.png 1150w, https:\/\/anotherscratchinthewall.it\/wp-content\/uploads\/2025\/10\/ASITW-urban_art_tour-big1-v2-980x801.png 980w, https:\/\/anotherscratchinthewall.it\/wp-content\/uploads\/2025\/10\/ASITW-urban_art_tour-big1-v2-480x392.png 480w\" sizes=\"(min-width: 0px) and (max-width: 480px) 480px, (min-width: 481px) and (max-width: 980px) 980px, (min-width: 981px) 1150px, 100vw\" class=\"wp-image-12488\" \/><\/span><\/div>\n<\/div>\n<\/div>\n\n<div class=\"et_pb_row_3 et_pb_row et_flex_row\">\n<div class=\"et_pb_column_4 et_pb_column et-last-child et_flex_column et_pb_css_mix_blend_mode_passthrough et_flex_column_24_24\">\n<div class=\"et_pb_divider_0 et_pb_divider et_pb_space et_pb_divider_position_center et_pb_module\"><div class=\"et_pb_divider_internal\"><\/div><\/div>\n<\/div>\n<\/div>\n\n<div class=\"et_pb_row_4 et_pb_row et_flex_row\">\n<div class=\"et_pb_column_5 et_pb_column et_flex_column et_pb_css_mix_blend_mode_passthrough et_flex_column_24_24 et_flex_column_24_24_tablet et_flex_column_24_24_phone\">\n<div class=\"et_pb_image_2 et_pb_image et_pb_module et_flex_module\"><span class=\"et_pb_image_wrap\"><img loading=\"lazy\" decoding=\"async\" src=\"https:\/\/anotherscratchinthewall.it\/wp-content\/uploads\/2025\/10\/ASITW-urban_art_tour-big2-v2.png\" width=\"1150\" height=\"940\" srcset=\"https:\/\/anotherscratchinthewall.it\/wp-content\/uploads\/2025\/10\/ASITW-urban_art_tour-big2-v2.png 1150w, https:\/\/anotherscratchinthewall.it\/wp-content\/uploads\/2025\/10\/ASITW-urban_art_tour-big2-v2-980x801.png 980w, https:\/\/anotherscratchinthewall.it\/wp-content\/uploads\/2025\/10\/ASITW-urban_art_tour-big2-v2-480x392.png 480w\" sizes=\"(min-width: 0px) and (max-width: 480px) 480px, (min-width: 481px) and (max-width: 980px) 980px, (min-width: 981px) 1150px, 100vw\" class=\"wp-image-12489\" \/><\/span><\/div>\n<\/div>\n\n<div class=\"et_pb_column_6 et_pb_column et-last-child et_flex_column et_pb_css_mix_blend_mode_passthrough et_flex_column_24_24 et_flex_column_24_24_tablet et_flex_column_24_24_phone\">\n<div class=\"et_pb_text_3 et_pb_text et_pb_bg_layout_light et_pb_module et_block_module preset--module--divi-text--01620ec6-d2d0-4d43-9433-2736a2662462\"><div class=\"et_pb_text_inner\"><h3 style=\"margin: 0cm;\">Urban Art Workshop a Milano e nel Nord Italia<\/h3>\n<\/div><\/div>\n\n<div class=\"et_pb_text_4 et_pb_text et_pb_bg_layout_light et_pb_module et_block_module preset--module--divi-text--default\"><div class=\"et_pb_text_inner\"><p>Vuoi mettere alla prova la tua creativit\u00e0? Partecipa a uno dei nostri Urban Art Workshop e sperimenta l\u2019emozione di creare la tua opera d\u2019arte! I nostri workshop, tenuti da artisti professionisti, sono pensati per tutti, anche per chi non ha mai preso una bomboletta in mano. Le attivit\u00e0 si svolgono su muri privati (i tuoi, per esempio!) o su pannelli in cartongesso messi a disposizione dall\u2019associazione in location specifiche, e comprendono tutto il necessario: bombolette, stencil, mascherine e guanti. Ogni gruppo \u00e8 composto da un massimo di 20 partecipanti per garantire il supporto artistico necessario e un\u2019esperienza unica.<\/p>\n<\/div><\/div>\n<\/div>\n<\/div>\n\n<div class=\"et_pb_row_5 et_pb_row et_flex_row\">\n<div class=\"et_pb_column_7 et_pb_column et-last-child et_flex_column et_pb_css_mix_blend_mode_passthrough et_flex_column_24_24\">\n<div class=\"et_pb_divider_1 et_pb_divider et_pb_space et_pb_divider_position_center et_pb_module\"><div class=\"et_pb_divider_internal\"><\/div><\/div>\n<\/div>\n<\/div>\n\n<div class=\"et_pb_row_6 et_pb_row et_flex_row\">\n<div class=\"et_pb_column_8 et_pb_column et_flex_column et_pb_css_mix_blend_mode_passthrough et_flex_column_24_24 et_flex_column_24_24_tablet et_flex_column_24_24_phone\">\n<div class=\"et_pb_image_3 et_pb_image et_pb_module et_flex_module\"><span class=\"et_pb_image_wrap\"><img loading=\"lazy\" decoding=\"async\" src=\"https:\/\/anotherscratchinthewall.it\/wp-content\/uploads\/2025\/10\/ASITW-urban_art_tour-big3-v2.png\" width=\"1150\" height=\"940\" srcset=\"https:\/\/anotherscratchinthewall.it\/wp-content\/uploads\/2025\/10\/ASITW-urban_art_tour-big3-v2.png 1150w, https:\/\/anotherscratchinthewall.it\/wp-content\/uploads\/2025\/10\/ASITW-urban_art_tour-big3-v2-980x801.png 980w, https:\/\/anotherscratchinthewall.it\/wp-content\/uploads\/2025\/10\/ASITW-urban_art_tour-big3-v2-480x392.png 480w\" sizes=\"(min-width: 0px) and (max-width: 480px) 480px, (min-width: 481px) and (max-width: 980px) 980px, (min-width: 981px) 1150px, 100vw\" class=\"wp-image-12490\" \/><\/span><\/div>\n<\/div>\n\n<div class=\"et_pb_column_9 et_pb_column et-last-child et_flex_column et_pb_css_mix_blend_mode_passthrough et_flex_column_24_24 et_flex_column_24_24_tablet et_flex_column_24_24_phone\">\n<div class=\"et_pb_text_5 et_pb_text et_pb_bg_layout_light et_pb_module et_block_module preset--module--divi-text--01620ec6-d2d0-4d43-9433-2736a2662462\"><div class=\"et_pb_text_inner\"><h3 style=\"margin: 0cm;\">Urban Art Tour e Workshop per Tour Operator e Provider<\/h3>\n<\/div><\/div>\n\n<div class=\"et_pb_text_6 et_pb_text et_pb_bg_layout_light et_pb_module et_block_module preset--module--divi-text--default\"><div class=\"et_pb_text_inner\"><p>Another Scratch In The Wall offre tour guidati e workshop dedicati al mondo dell\u2019Arte Urbana, tenuti da guide e artisti professionisti e perfetti per tour operator e provider di esperienze turistiche che vogliano far conoscere le citt\u00e0 italiane sotto prospettive inedite e underground. Grazie alla nostra esperienza nel settore, organizziamo percorsi personalizzati a Milano e nel nord Italia, offrendo una prospettiva unica sull&#8217;arte urbana contemporanea, andando a soddisfare una richiesta di mercato sempre pi\u00f9 crescente e verticale sulla creativit\u00e0 urbana. I nostri tour e i nostri workshop si adattano a diverse esigenze, arricchendo cos\u00ec l\u2019offerta turistica con un\u2019esperienza coinvolgente e culturale.<\/p>\n<\/div><\/div>\n<\/div>\n<\/div>\n\n<div class=\"et_pb_row_7 et_pb_row et_flex_row\">\n<div class=\"et_pb_column_10 et_pb_column et-last-child et_flex_column et_pb_css_mix_blend_mode_passthrough et_flex_column_24_24\">\n<div class=\"et_pb_divider_2 et_pb_divider et_pb_space et_pb_divider_position_center et_pb_module\"><div class=\"et_pb_divider_internal\"><\/div><\/div>\n<\/div>\n<\/div>\n\n<div class=\"et_pb_row_8 et_pb_row et_flex_row\">\n<div class=\"et_pb_column_11 et_pb_column et_flex_column et_pb_css_mix_blend_mode_passthrough et_flex_column_24_24 et_flex_column_24_24_tablet et_flex_column_24_24_phone\">\n<div class=\"et_pb_text_7 et_pb_text et_pb_bg_layout_light et_pb_module et_block_module preset--module--divi-text--01620ec6-d2d0-4d43-9433-2736a2662462\"><div class=\"et_pb_text_inner\"><h3 style=\"margin: 0cm;\">Urban Art Tour e Workshop per aziende e Team Building<\/h3>\n<\/div><\/div>\n\n<div class=\"et_pb_text_8 et_pb_text et_pb_bg_layout_light et_pb_module et_block_module preset--module--divi-text--default\"><div class=\"et_pb_text_inner\"><p>Coinvolgi il tuo team di lavoro con un\u2019esperienza unica di team building artistico! I nostri tour e workshop sono pensati per le aziende che vogliono favorire lo spirito di squadra e la creativit\u00e0 dei propri dipendenti. Le attivit\u00e0, basate sulla scoperta dei tool e delle principali tecniche d\u2019Arte Urbana, stimolano, sotto la guida di artisti profesisonisti, la collaborazione, l&#8217;innovazione e il problem-solving, offrendo al tempo stesso un\u2019occasione per esplorare insieme la citt\u00e0 e le sue opere artistiche. Hai un muro aziendale a tua disposizione? Ci pensiamo noi (e i tuoi lavoratori) a decorarlo! Non ce l\u2019hai? Ti forniamo noi supporti sepecifici in cartongesso per un\u2019operazione removibile (e, se vuoi, acquistabile per essere esposta in sede) e, insieme, anche tutti i tool e DPI di cui hai bisogno: bombolette, stencil, mascherine per le vie aeree e guanti.<\/p>\n<\/div><\/div>\n<\/div>\n\n<div class=\"et_pb_column_12 et_pb_column et-last-child et_flex_column et_pb_css_mix_blend_mode_passthrough et_flex_column_24_24 et_flex_column_24_24_tablet et_flex_column_24_24_phone\">\n<div class=\"et_pb_image_4 et_pb_image et_flex_column_24_24 et_pb_module et_flex_module\"><span class=\"et_pb_image_wrap\"><img loading=\"lazy\" decoding=\"async\" src=\"https:\/\/anotherscratchinthewall.it\/wp-content\/uploads\/2025\/10\/ASITW-urban_art_tour-big4-v2.png\" width=\"1150\" height=\"940\" srcset=\"https:\/\/anotherscratchinthewall.it\/wp-content\/uploads\/2025\/10\/ASITW-urban_art_tour-big4-v2.png 1150w, https:\/\/anotherscratchinthewall.it\/wp-content\/uploads\/2025\/10\/ASITW-urban_art_tour-big4-v2-980x801.png 980w, https:\/\/anotherscratchinthewall.it\/wp-content\/uploads\/2025\/10\/ASITW-urban_art_tour-big4-v2-480x392.png 480w\" sizes=\"(min-width: 0px) and (max-width: 480px) 480px, (min-width: 481px) and (max-width: 980px) 980px, (min-width: 981px) 1150px, 100vw\" class=\"wp-image-12491\" \/><\/span><\/div>\n<\/div>\n<\/div>\n<\/div>\n\n<div class=\"et_pb_section_3 et_pb_section et_section_regular et_block_section\">\n<div class=\"et_pb_row_9 et_pb_row et_flex_row et_clickable preset--module--divi-row--32b17f9b-be00-497d-bd30-f1694e4746d7\">\n<div class=\"et_pb_column_13 et_pb_column et_flex_column et_pb_css_mix_blend_mode_passthrough et_flex_column_18_24 et_flex_column_18_24_tablet et_flex_column_18_24_phone\">\n<div class=\"et_pb_text_9 et_pb_text et_pb_bg_layout_light et_pb_module et_block_module preset--module--divi-text--01620ec6-d2d0-4d43-9433-2736a2662462\"><div class=\"et_pb_text_inner\" data-et-mv-hidden-tablet=\"true\" data-et-mv-hidden-phone=\"true\"><h3><span data-olk-copy-source=\"MessageBody\">Scopri tutti i nostri Urban Art Tour<\/span><\/h3>\n<\/div><\/div>\n<\/div>\n\n<div class=\"et_pb_column_14 et_pb_column et-last-child et_flex_column et_pb_css_mix_blend_mode_passthrough et_flex_column_6_24 et_flex_column_6_24_tablet et_flex_column_6_24_phone\">\n<div class=\"et_pb_icon_0 et_pb_icon et_pb_module et_block_module preset--module--divi-icon--c97fc27b-2c5a-43d8-a29f-1f4c2e2a683e\"><span class=\"et_pb_icon_wrap\"><span class=\"et-pb-icon\">$<\/span><\/span><\/div>\n<\/div>\n<\/div>\n<\/div>\n\n<div class=\"et_pb_section_4 et_pb_section et_section_regular et_block_section\">\n<div class=\"et_pb_row_10 et_pb_row et_pb_gutters3 et_block_row preset--module--divi-row--32b17f9b-be00-497d-bd30-f1694e4746d7\">\n<div class=\"et_pb_column_15 et_pb_column et_pb_column_4_4 et-last-child et_grid_column et_pb_css_mix_blend_mode_passthrough\">\n<div class=\"et_pb_text_10 et_pb_text et_pb_bg_layout_light et_pb_module et_block_module preset--module--divi-text--9qo3z6nakr\"><div class=\"et_pb_text_inner\"><h1>urban art tour ed eventi in programma<\/h1>\n<\/div><\/div>\n<\/div>\n<\/div>\n<\/div>\n\n<div class=\"et_pb_section_5 et_pb_section et_section_regular et_block_section\">\n<div class=\"et_pb_row_11 et_pb_row et_flex_row\">\n<div class=\"et_pb_column_16 et_pb_column et-last-child et_flex_column et_pb_css_mix_blend_mode_passthrough et_flex_column_24_24\">\n<div class=\"et_pb_code_0 et_pb_code et_pb_module\"><div class=\"et_pb_code_inner\"><style scoped>\n  iframe[data-tec-events-ece-iframe=\"true\"] {\n    width: 100%;\n    height: 90vh;\n    max-width: 100%;\n  }\n  @media screen and (min-width: 600px) {\n    iframe[data-tec-events-ece-iframe=\"true\"] {\n      height: 100vw;\n    }\n  }\n  @media screen and (min-width: 853px) {\n    iframe[data-tec-events-ece-iframe=\"true\"] {\n      height: 1065px;\n    }\n  }\n<\/style>\n<iframe data-tec-events-ece-iframe=\"true\" src=\"https:\/\/anotherscratchinthewall.it\/calendar-embed\/4FDgdyqDzq0\/embed\/\"  frameborder=\"0\" ><\/iframe>\n<\/div><\/div>\n<\/div>\n<\/div>\n<\/div>","protected":false},"excerpt":{"rendered":"","protected":false},"author":1,"featured_media":0,"parent":0,"menu_order":0,"comment_status":"closed","ping_status":"closed","template":"","meta":{"slim_seo":{"title":"Urban Art Tour &amp; Workshop - Another Scratch In The Wall","description":""},"footnotes":""},"class_list":["post-12665","page","type-page","status-publish","hentry"],"_links":{"self":[{"href":"https:\/\/anotherscratchinthewall.it\/en\/wp-json\/wp\/v2\/pages\/12665","targetHints":{"allow":["GET"]}}],"collection":[{"href":"https:\/\/anotherscratchinthewall.it\/en\/wp-json\/wp\/v2\/pages"}],"about":[{"href":"https:\/\/anotherscratchinthewall.it\/en\/wp-json\/wp\/v2\/types\/page"}],"author":[{"embeddable":true,"href":"https:\/\/anotherscratchinthewall.it\/en\/wp-json\/wp\/v2\/users\/1"}],"replies":[{"embeddable":true,"href":"https:\/\/anotherscratchinthewall.it\/en\/wp-json\/wp\/v2\/comments?post=12665"}],"version-history":[{"count":0,"href":"https:\/\/anotherscratchinthewall.it\/en\/wp-json\/wp\/v2\/pages\/12665\/revisions"}],"wp:attachment":[{"href":"https:\/\/anotherscratchinthewall.it\/en\/wp-json\/wp\/v2\/media?parent=12665"}],"curies":[{"name":"wp","href":"https:\/\/api.w.org\/{rel}","templated":true}]}}