{"id":12661,"date":"2025-10-16T21:09:12","date_gmt":"2025-10-16T19:09:12","guid":{"rendered":"https:\/\/anotherscratchinthewall.it\/lassocazione\/"},"modified":"2025-10-16T21:09:12","modified_gmt":"2025-10-16T19:09:12","slug":"lassocazione","status":"publish","type":"page","link":"https:\/\/anotherscratchinthewall.it\/en\/lassocazione\/","title":{"rendered":"L&#8217;associazione"},"content":{"rendered":"<div class=\"et_pb_section_0 et_pb_section et_section_regular et_flex_section\">\n<div class=\"et_pb_row_0 et_pb_row et_flex_row\">\n<div class=\"et_pb_column_0 et_pb_column et-last-child et_flex_column et_pb_css_mix_blend_mode_passthrough et_flex_column_24_24 et_flex_column_24_24_tablet et_flex_column_24_24_phone\">\n<div class=\"et_pb_image_0 et_pb_image et_animated et_pb_module et_block_module\"><span class=\"et_pb_image_wrap\"><img loading=\"lazy\" decoding=\"async\" src=\"https:\/\/anotherscratchinthewall.it\/wp-content\/uploads\/2025\/10\/ASITW-Slider-7-sezione-L_associazione-e1761143449141.png\" width=\"1920\" height=\"720\" srcset=\"https:\/\/anotherscratchinthewall.it\/wp-content\/uploads\/2025\/10\/ASITW-Slider-7-sezione-L_associazione-e1761143449141.png 1920w, https:\/\/anotherscratchinthewall.it\/wp-content\/uploads\/2025\/10\/ASITW-Slider-7-sezione-L_associazione-e1761143449141-1280x720.png 1280w, https:\/\/anotherscratchinthewall.it\/wp-content\/uploads\/2025\/10\/ASITW-Slider-7-sezione-L_associazione-e1761143449141-980x551.png 980w, https:\/\/anotherscratchinthewall.it\/wp-content\/uploads\/2025\/10\/ASITW-Slider-7-sezione-L_associazione-e1761143449141-480x270.png 480w\" sizes=\"(min-width: 0px) and (max-width: 480px) 480px, (min-width: 481px) and (max-width: 980px) 980px, (min-width: 981px) and (max-width: 1280px) 1280px, (min-width: 1281px) 1920px, 100vw\" class=\"wp-image-289 wp-image-696\" \/><\/span><\/div>\n<\/div>\n<\/div>\n<\/div>\n\n<div class=\"et_pb_section_1 et_pb_section et_section_regular et_block_section\">\n<div class=\"et_pb_row_1 et_pb_row et_pb_gutters3 et_block_row preset--module--divi-row--32b17f9b-be00-497d-bd30-f1694e4746d7\">\n<div class=\"et_pb_column_1 et_pb_column et_pb_column_4_4 et-last-child et_grid_column et_pb_css_mix_blend_mode_passthrough\">\n<div class=\"et_pb_text_0 et_pb_text et_pb_bg_layout_light et_pb_module et_block_module preset--module--divi-text--9qo3z6nakr\"><div class=\"et_pb_text_inner\"><h2>L&#8217;associazione<\/h2>\n<\/div><\/div>\n<\/div>\n<\/div>\n<\/div>\n\n<div class=\"et_pb_section_2 et_pb_section et_section_regular et_flex_section\">\n<div class=\"et_pb_row_2 et_pb_row et_flex_row\">\n<div class=\"et_pb_column_2 et_pb_column et-last-child et_flex_column et_pb_css_mix_blend_mode_passthrough et_flex_column_24_24 et_flex_column_24_24_tablet et_flex_column_24_24_phone\">\n<div class=\"et_pb_text_1 et_pb_text et_pb_bg_layout_light et_pb_module et_block_module preset--module--divi-text--default\"><div class=\"et_pb_text_inner\"><p>Siamo narratori. Giornalisti, storici, artisti, creatori di contenuti. Ci piace raccontare, dare voce ai muri e a chi li dipinge, raccogliere storie che altrimenti resterebbero nascoste e portarle fuori, con cura, rispetto e attenzione. Crediamo nello storytelling come forma d\u2019arte: un modo per tradurre l\u2019effimero in memoria, senza snaturarlo, lasciando che la citt\u00e0 continui a parlare con il suo linguaggio autentico.<\/p>\n<p>Siamo Another Scratch In The Wall. Nato nel 2014 da un\u2019idea maturata alla Scuola di Giornalismo Walter Tobagi di Milano, Another Scratch In The Wall \u00e8 cresciuto come crescono i progetti che hanno radici forti: passo dopo passo, da blog indipendente a punto di riferimento per la divulgazione sull\u2019Arte Urbana, come fenomeno artistico e sociale assieme.<\/p>\n<\/div><\/div>\n<\/div>\n<\/div>\n\n<div class=\"et_pb_row_3 et_pb_row et_flex_row\">\n<div class=\"et_pb_column_3 et_pb_column et_flex_column et_pb_css_mix_blend_mode_passthrough et_flex_column_8_24 et_flex_column_8_24_tablet et_flex_column_24_24_phone\">\n<div class=\"et_pb_image_1 et_pb_image et_pb_module et_block_module\"><span class=\"et_pb_image_wrap\"><img loading=\"lazy\" decoding=\"async\" src=\"https:\/\/anotherscratchinthewall.it\/wp-content\/uploads\/2025\/10\/ASITW-Associazione-small1.png\" width=\"940\" height=\"940\" srcset=\"https:\/\/anotherscratchinthewall.it\/wp-content\/uploads\/2025\/10\/ASITW-Associazione-small1.png 940w, https:\/\/anotherscratchinthewall.it\/wp-content\/uploads\/2025\/10\/ASITW-Associazione-small1-480x480.png 480w\" sizes=\"(min-width: 0px) and (max-width: 480px) 480px, (min-width: 481px) 940px, 100vw\" class=\"wp-image-12467\" \/><\/span><\/div>\n<\/div>\n\n<div class=\"et_pb_column_4 et_pb_column et_flex_column et_pb_css_mix_blend_mode_passthrough et_flex_column_8_24 et_flex_column_8_24_tablet et_flex_column_24_24_phone\">\n<div class=\"et_pb_image_2 et_pb_image et_pb_module et_block_module\"><span class=\"et_pb_image_wrap\"><img loading=\"lazy\" decoding=\"async\" src=\"https:\/\/anotherscratchinthewall.it\/wp-content\/uploads\/2025\/10\/ASITW-Associazione-small2.png\" width=\"940\" height=\"940\" srcset=\"https:\/\/anotherscratchinthewall.it\/wp-content\/uploads\/2025\/10\/ASITW-Associazione-small2.png 940w, https:\/\/anotherscratchinthewall.it\/wp-content\/uploads\/2025\/10\/ASITW-Associazione-small2-480x480.png 480w\" sizes=\"(min-width: 0px) and (max-width: 480px) 480px, (min-width: 481px) 940px, 100vw\" class=\"wp-image-12468\" \/><\/span><\/div>\n<\/div>\n\n<div class=\"et_pb_column_5 et_pb_column et-last-child et_flex_column et_pb_css_mix_blend_mode_passthrough et_flex_column_8_24 et_flex_column_8_24_tablet et_flex_column_24_24_phone\">\n<div class=\"et_pb_image_3 et_pb_image et_pb_module et_block_module\"><span class=\"et_pb_image_wrap\"><img loading=\"lazy\" decoding=\"async\" src=\"https:\/\/anotherscratchinthewall.it\/wp-content\/uploads\/2025\/10\/ASITW-Associazione-small3.png\" width=\"940\" height=\"940\" srcset=\"https:\/\/anotherscratchinthewall.it\/wp-content\/uploads\/2025\/10\/ASITW-Associazione-small3.png 940w, https:\/\/anotherscratchinthewall.it\/wp-content\/uploads\/2025\/10\/ASITW-Associazione-small3-480x480.png 480w\" sizes=\"(min-width: 0px) and (max-width: 480px) 480px, (min-width: 481px) 940px, 100vw\" class=\"wp-image-12469\" \/><\/span><\/div>\n<\/div>\n<\/div>\n\n<div class=\"et_pb_row_4 et_pb_row et_flex_row\">\n<div class=\"et_pb_column_6 et_pb_column et-last-child et_flex_column et_pb_css_mix_blend_mode_passthrough et_flex_column_24_24 et_flex_column_24_24_tablet et_flex_column_24_24_phone\">\n<div class=\"et_pb_text_2 et_pb_text et_pb_bg_layout_light et_pb_module et_block_module preset--module--divi-text--default\"><div class=\"et_pb_text_inner\"><p>Dal 2018 siamo un\u2019associazione culturale, e nel 2019 abbiamo partecipato alla campagna nazionale Do the Writing! promossa dal Ministro della Giovent\u00f9 e da INWARD, entrando nella rete delle ACU \u2013 Associazioni per la Creativit\u00e0 Urbana.<\/p>\n<p>Oggi Another Scratch In The Wall \u00e8 molto pi\u00f9 di un sito: \u00e8 una finestra aperta sull\u2019Arte Urbana contemporanea, un luogo dove convivono reportage, interviste, fotografie e riflessioni sul confine sottile tra arte e vandalismo, legalit\u00e0 e libert\u00e0, galleria e strada. Raccontiamo ci\u00f2 che accade sui muri del mondo con occhio giornalistico e sensibilit\u00e0 artistica, cercando di restituire il contesto, la voce e l\u2019intenzione di chi lascia il proprio segno.<\/p>\n<p>E non ci fermiamo alla parola scritta. Con i nostri Urban Art Tour guidiamo le persone alla scoperta delle citt\u00e0 attraverso i loro muri; con workshop, laboratori e incontri diffondiamo conoscenza e curiosit\u00e0; con lezioni e talk portiamo l\u2019arte urbana dentro scuole, musei e centri culturali.<\/p>\n<\/div><\/div>\n<\/div>\n<\/div>\n\n<div class=\"et_pb_row_5 et_pb_row et_flex_row\">\n<div class=\"et_pb_column_7 et_pb_column et-last-child et_flex_column et_pb_css_mix_blend_mode_passthrough et_flex_column_24_24 et_flex_column_24_24_tablet et_flex_column_24_24_phone\">\n<div class=\"et_pb_image_4 et_pb_image et_pb_module et_block_module\"><span class=\"et_pb_image_wrap\"><img loading=\"lazy\" decoding=\"async\" src=\"https:\/\/anotherscratchinthewall.it\/wp-content\/uploads\/2025\/10\/ASITW-logo-black-e1760639919202.png\" width=\"200\" height=\"161\" sizes=\"(max-width: 200px) 100vw, 200px\" class=\"wp-image-113\" \/><\/span><\/div>\n<\/div>\n<\/div>\n<\/div>","protected":false},"excerpt":{"rendered":"","protected":false},"author":1,"featured_media":0,"parent":0,"menu_order":0,"comment_status":"closed","ping_status":"closed","template":"","meta":{"slim_seo":{"title":"L'associazione - Another Scratch In The Wall","description":""},"footnotes":""},"class_list":["post-12661","page","type-page","status-publish","hentry"],"_links":{"self":[{"href":"https:\/\/anotherscratchinthewall.it\/en\/wp-json\/wp\/v2\/pages\/12661","targetHints":{"allow":["GET"]}}],"collection":[{"href":"https:\/\/anotherscratchinthewall.it\/en\/wp-json\/wp\/v2\/pages"}],"about":[{"href":"https:\/\/anotherscratchinthewall.it\/en\/wp-json\/wp\/v2\/types\/page"}],"author":[{"embeddable":true,"href":"https:\/\/anotherscratchinthewall.it\/en\/wp-json\/wp\/v2\/users\/1"}],"replies":[{"embeddable":true,"href":"https:\/\/anotherscratchinthewall.it\/en\/wp-json\/wp\/v2\/comments?post=12661"}],"version-history":[{"count":0,"href":"https:\/\/anotherscratchinthewall.it\/en\/wp-json\/wp\/v2\/pages\/12661\/revisions"}],"wp:attachment":[{"href":"https:\/\/anotherscratchinthewall.it\/en\/wp-json\/wp\/v2\/media?parent=12661"}],"curies":[{"name":"wp","href":"https:\/\/api.w.org\/{rel}","templated":true}]}}